{"id":2,"date":"2016-09-28T10:37:09","date_gmt":"2016-09-28T08:37:09","guid":{"rendered":""},"modified":"2016-09-28T20:57:52","modified_gmt":"2016-09-28T18:57:52","slug":"beispiel-seite","status":"publish","type":"page","link":"http:\/\/www.faschingsgildegamundien.at\/?page_id=2","title":{"rendered":"Geschichte"},"content":{"rendered":"<h1 style=\"text-align: center;\">Geschichte der Gmundner Narren&#8230;<\/h1>\n<p style=\"text-align: center;\"><strong><span style=\"color: #ff0000;\">Mai 1961<\/span><\/strong><br \/>\nKonstituierung des &#8222;Aktionskomitees f\u00fcr die Gmundner Kurverwaltung&#8220;, einer unpolitischen und freiwilligen Interessentengemeinschaft, die mit der Kurverwaltung einige gewinnbringende Veranstaltungen f\u00fcr den Fremdenverkehr organisiert.<\/p>\n<p style=\"text-align: center;\"><strong><span style=\"color: #333399;\"> November 1961<br \/>\n<\/span><\/strong>Gr\u00fcndung einer Faschingsgesellschaft im Verband mit dem Aktionskomitee mit dem Namen &#8222;Faschingsgilde Gamundien&#8220;.<\/p>\n<p style=\"text-align: center;\"><strong><span style=\"color: #ff9900;\">31.12.1961<\/span><\/strong><br \/>\nInthronisation des ersten Gmundner Faschingsprinzenpaares.<\/p>\n<p style=\"text-align: center;\"><strong><span style=\"color: #ff0000;\">18.2.1962<\/span><\/strong><br \/>\n1. Hofball im Hirschensaal.<\/p>\n<p style=\"text-align: center;\"><strong><span style=\"color: #333399;\"> 11.11.1962<\/span><\/strong><br \/>\nGr\u00fcndungsversammlung der &#8222;Faschingsgilde Gamundien&#8220; als eigener Verein im Eggenberger Keller. Erster Pr\u00e4sident wird Ernst Scheibenpflug.<\/p>\n<p style=\"text-align: center;\"><strong><span style=\"color: #ff9900;\">25.2.1963<\/span><\/strong><br \/>\nLH Dr. Heinrich Glei\u00dfner wird erster Ehrensenator der Gilde.<\/p>\n<p style=\"text-align: center;\"><strong><span style=\"color: #ff0000;\">Faschingssonntag 1963<\/span><\/strong><br \/>\nExerzieren der Gmundner Schwanengarde auf dem zugefrorenen Traunsee.<\/p>\n<p style=\"text-align: center;\"><strong><span style=\"color: #333399;\">7.9.1963<\/span><\/strong><br \/>\nErster Ausflug mit den Bewohnern der Gmundner Seniorenheime.<\/p>\n<p style=\"text-align: center;\"><strong><span style=\"color: #ff9900;\">30.1.1965<\/span><\/strong><br \/>\nProklamation der &#8222;Karnevalistischen Universit\u00e4t&#8220; mit Decan Hans Georg Grellinger. Erstmalige Verleihung des Titels &#8222;Doctor Humoris Causa&#8220;.<\/p>\n<p style=\"text-align: center;\"><strong><span style=\"color: #ff0000;\">16.2.1968<\/span><\/strong><br \/>\n1. Gmundner Narrensitzung im neu adaptierten Kammerhofsaal.<\/p>\n<p style=\"text-align: center;\"><strong><span style=\"color: #333399;\">J\u00e4nner 1980<\/span><\/strong><br \/>\nIm Rahmen eines Festaktes im Rathaussaal werden zwei amtierende Landeshauptleute geehrt. Dr. Josef Ratzenb\u00f6ck wird Ehrensenator und \u00d6R Andreas Maurer erh\u00e4lt den &#8222;Ernst Scheibenpflug-Preis&#8220; f\u00fcr die Narrenpointe des Jahres.<\/p>\n<p style=\"text-align: center;\"><strong><span style=\"color: #ff9900;\">3.3.1984<\/span><\/strong><br \/>\nGro\u00dfe Jubil\u00e4umsgala (2 x 11 Jahre), Ball im Kongre\u00dfzentrum Toskana.<\/p>\n<p style=\"text-align: center;\"><strong><span style=\"color: #ff0000;\">31.12. 1987<\/span><\/strong><br \/>\nSilvestergala, 1. Ball im Gmundner Stadttheater.<\/p>\n<p style=\"text-align: center;\"><strong><span style=\"color: #333399;\">1965, 1971, 1979<\/span><\/strong><br \/>\nTreffen hunderter Narren in Gmunden anl\u00e4sslich des Verbandstages des Bundes \u00f6sterreichischer Faschingsgilden.<\/p>\n<p style=\"text-align: center;\"><strong><span style=\"color: #ff9900;\">Im Laufe der Jahre<\/span><\/strong><br \/>\nViele erfolgreiche und gut besuchte Narrensitzungen im Gmundner Stadttheater, zahlreiche Festakte mit Ehrungen illustrer Gr\u00f6\u00dfen aus Politik, Wirtschaft und Gesellschaft, zuletzt 2008 der bekannte Schauspieler Fritz Karl.<br \/>\nDie aktuelle Zusammensetzung des 11er-Rates finden Sie in der Galerie!<\/p>\n","protected":false},"excerpt":{"rendered":"<p>Geschichte der Gmundner Narren&#8230; Mai 1961 Konstituierung des &#8222;Aktionskomitees f\u00fcr die Gmundner Kurverwaltung&#8220;, einer unpolitischen und freiwilligen Interessentengemeinschaft, die mit der Kurverwaltung einige gewinnbringende Veranstaltungen f\u00fcr den Fremdenverkehr organisiert. November 1961 Gr\u00fcndung einer Faschingsgesellschaft im Verband mit dem Aktionskomitee mit &hellip; <a href=\"http:\/\/www.faschingsgildegamundien.at\/?page_id=2\">Weiterlesen <span class=\"meta-nav\">&rarr;<\/span><\/a><\/p>\n","protected":false},"author":1,"featured_media":13,"parent":0,"menu_order":0,"comment_status":"closed","ping_status":"open","template":"","meta":{"amp_status":""},"_links":{"self":[{"href":"http:\/\/www.faschingsgildegamundien.at\/index.php?rest_route=\/wp\/v2\/pages\/2"}],"collection":[{"href":"http:\/\/www.faschingsgildegamundien.at\/index.php?rest_route=\/wp\/v2\/pages"}],"about":[{"href":"http:\/\/www.faschingsgildegamundien.at\/index.php?rest_route=\/wp\/v2\/types\/page"}],"author":[{"embeddable":true,"href":"http:\/\/www.faschingsgildegamundien.at\/index.php?rest_route=\/wp\/v2\/users\/1"}],"replies":[{"embeddable":true,"href":"http:\/\/www.faschingsgildegamundien.at\/index.php?rest_route=%2Fwp%2Fv2%2Fcomments&post=2"}],"version-history":[{"count":4,"href":"http:\/\/www.faschingsgildegamundien.at\/index.php?rest_route=\/wp\/v2\/pages\/2\/revisions"}],"predecessor-version":[{"id":16,"href":"http:\/\/www.faschingsgildegamundien.at\/index.php?rest_route=\/wp\/v2\/pages\/2\/revisions\/16"}],"wp:featuredmedia":[{"embeddable":true,"href":"http:\/\/www.faschingsgildegamundien.at\/index.php?rest_route=\/wp\/v2\/media\/13"}],"wp:attachment":[{"href":"http:\/\/www.faschingsgildegamundien.at\/index.php?rest_route=%2Fwp%2Fv2%2Fmedia&parent=2"}],"curies":[{"name":"wp","href":"https:\/\/api.w.org\/{rel}","templated":true}]}}